{"id":2736,"date":"2019-08-06T17:11:12","date_gmt":"2019-08-06T15:11:12","guid":{"rendered":"http:\/\/sklep.foodweb.pl\/?post_type=product&#038;p=2736"},"modified":"2024-07-02T13:21:38","modified_gmt":"2024-07-02T11:21:38","slug":"jadlospis-w-insulinoopornosci-dnie-moczanowej","status":"publish","type":"product","link":"http:\/\/sklep.foodweb.pl\/index.php\/produkt\/jadlospis-w-insulinoopornosci-dnie-moczanowej\/","title":{"rendered":"Jad\u0142ospis w insulinooporno\u015bci + dnie moczanowej"},"content":{"rendered":"<h4 style=\"font-style: normal;\">Opis jad\u0142ospisu<\/h4>\n<p>Modelowy jad\u0142ospis dla insulinoopornych os\u00f3b zmagaj\u0105cych si\u0119 dodatkowo z dn\u0105 moczanow\u0105.<\/p>\n<p>W jad\u0142ospisie skomponowano posi\u0142ki w taki spos\u00f3b, aby uregulowa\u0107 wyrzuty insuliny i glukozy do krwi, a jednocze\u015bnie zmniejszy\u0107 bolesne objawy dny moczanowej. Posi\u0142ki uzupe\u0142niono w niezb\u0119dne sk\u0142adniki, kt\u00f3re s\u0105 istotne zar\u00f3wno w cukrzycy typu 2 , jak r\u00f3wnie\u017c artretyzmie.<\/p>\n<h4 style=\"font-style: normal;\">Dla kogo?<\/h4>\n<p>\u2022\u00a0 Osoby z insulinooporno\u015bci\u0105 i dn\u0105 moczanow\u0105<br \/>\n\u2022 Osoby z dn\u0105 moczanow\u0105 (artretyzm, podagra)<br \/>\n\u2022 Osoby z chorobami staw\u00f3w<\/p>\n<h4>Zawarto\u015b\u0107<\/h4>\n<p>Jad\u0142ospis sk\u0142ada si\u0119 z 28 posi\u0142k\u00f3w rozpisanych na 7 dni. Wszystkie posi\u0142ki mo\u017cna wymienia\u0107 dowolnie mi\u0119dzy sob\u0105, poniewa\u017c posiadaj\u0105 t\u0119 sam\u0105 kaloryczno\u015b\u0107 (np. kolacj\u0119 z wtorku mo\u017cesz zje\u015b\u0107 na \u015bniadanie w sobot\u0119, zamieni\u0107 kolacj\u0119 z obiadem, etc).\u00a0 Ponadto do jad\u0142ospisu do\u0142\u0105czyli\u015bmy list\u0119 zakup\u00f3w i plan tygodniowy (np do powieszenia na lod\u00f3wk\u0119).<\/p>\n<h4>Metoda dostawy<\/h4>\n<p>Jad\u0142ospis w pliku elektronicznym (PDF), dost\u0119pny do pobrania poprzez nasz\u0105 stron\u0119 przez 30 dni od chwili otrzymania p\u0142atno\u015bci.<\/p>\n<hr \/>\n<p><em>Spodoba\u0142a Ci si\u0119 ta dieta i chcesz j\u0105 przed\u0142u\u017cy\u0107? A mo\u017ce szukasz wi\u0119kszej opcji personalizacji?<br \/>\nSprawd\u017a <strong><a href=\"http:\/\/foodweb.pl\/pakiet-silver\" target=\"_blank\" rel=\"noopener noreferrer\">Pakiet Silver na FOODWEB.PL<\/a> <\/strong>&#8211; nasz dietetyk u\u0142o\u017cy dla Ciebie indywidualny jad\u0142ospis, dostosowany w pe\u0142ni do Twoich potrzeb!<\/em><\/p>\n","protected":false},"excerpt":{"rendered":"<p>Modelowy jad\u0142ospis dla insulinoopornych os\u00f3b zmagaj\u0105cych si\u0119 dodatkowo z dn\u0105 moczanow\u0105.<br \/>\nJad\u0142ospis w formie elektronicznej (PDF).<br \/>\nSk\u0142ada si\u0119 z 28 posi\u0142k\u00f3w, rozpisanych na 7 dni.<br \/>\n<strong>Sugerowany okres stosowania: 1 miesi\u0105c.<\/strong><\/p>\n","protected":false},"featured_media":3041,"template":"","meta":{"site-sidebar-layout":"default","site-content-layout":"default","ast-site-content-layout":"","site-content-style":"default","site-sidebar-style":"default","ast-global-header-display":"","ast-banner-title-visibility":"","ast-main-header-display":"","ast-hfb-above-header-display":"","ast-hfb-below-header-display":"","ast-hfb-mobile-header-display":"","site-post-title":"","ast-breadcrumbs-content":"","ast-featured-img":"","footer-sml-layout":"","theme-transparent-header-meta":"default","adv-header-id-meta":"","stick-header-meta":"","header-above-stick-meta":"","header-main-stick-meta":"","header-below-stick-meta":"","astra-migrate-meta-layouts":"","ast-page-background-enabled":"default","ast-page-background-meta":{"desktop":{"background-color":"","background-image":"","background-repeat":"repeat","background-position":"center center","background-size":"auto","background-attachment":"scroll","background-type":"","background-media":"","overlay-type":"","overlay-color":"","overlay-gradient":""},"tablet":{"background-color":"","background-image":"","background-repeat":"repeat","background-position":"center center","background-size":"auto","background-attachment":"scroll","background-type":"","background-media":"","overlay-type":"","overlay-color":"","overlay-gradient":""},"mobile":{"background-color":"","background-image":"","background-repeat":"repeat","background-position":"center center","background-size":"auto","background-attachment":"scroll","background-type":"","background-media":"","overlay-type":"","overlay-color":"","overlay-gradient":""}},"ast-content-background-meta":{"desktop":{"background-color":"var(--ast-global-color-5)","background-image":"","background-repeat":"repeat","background-position":"center center","background-size":"auto","background-attachment":"scroll","background-type":"","background-media":"","overlay-type":"","overlay-color":"","overlay-gradient":""},"tablet":{"background-color":"var(--ast-global-color-5)","background-image":"","background-repeat":"repeat","background-position":"center center","background-size":"auto","background-attachment":"scroll","background-type":"","background-media":"","overlay-type":"","overlay-color":"","overlay-gradient":""},"mobile":{"background-color":"var(--ast-global-color-5)","background-image":"","background-repeat":"repeat","background-position":"center center","background-size":"auto","background-attachment":"scroll","background-type":"","background-media":"","overlay-type":"","overlay-color":"","overlay-gradient":""}}},"product_cat":[51,60,48,53,47,59,45],"product_tag":[],"class_list":{"0":"post-2736","1":"product","2":"type-product","3":"status-publish","4":"has-post-thumbnail","6":"product_cat-odchudzanie","7":"product_cat-cukrzyca","8":"product_cat-choroby","9":"product_cat-kobieta","10":"product_cat-mezczyzna","11":"product_cat-uklad-sercowo-naczyniowy","12":"product_cat-wszystkie-jadlospisy","13":"pa_kalorycznosc-1350-kcal","14":"pa_kalorycznosc-1700-kcal","15":"pa_kalorycznosc-2000-kcal","16":"pa_kalorycznosc-2300-kcal","17":"desktop-align-center","18":"tablet-align-center","19":"mobile-align-center","21":"first","22":"instock","23":"shipping-taxable","24":"product-type-variable"},"yoast_head":"<!-- This site is optimized with the Yoast SEO plugin v23.8 - https:\/\/yoast.com\/wordpress\/plugins\/seo\/ -->\n<title>Jad\u0142ospis w insulinooporno\u015bci + dnie moczanowej - Dieta online do pobrania - Foodweb.pl | Dietetyk Kliniczny<\/title>\n<meta name=\"robots\" content=\"index, follow, max-snippet:-1, max-image-preview:large, max-video-preview:-1\" \/>\n<link rel=\"canonical\" href=\"http:\/\/sklep.foodweb.pl\/index.php\/produkt\/jadlospis-w-insulinoopornosci-dnie-moczanowej\/\" \/>\n<meta property=\"og:locale\" content=\"pl_PL\" \/>\n<meta property=\"og:type\" content=\"article\" \/>\n<meta property=\"og:title\" content=\"Jad\u0142ospis w insulinooporno\u015bci + dnie moczanowej - Dieta online do pobrania - Foodweb.pl | Dietetyk Kliniczny\" \/>\n<meta property=\"og:description\" content=\"Modelowy jad\u0142ospis dla insulinoopornych os\u00f3b zmagaj\u0105cych si\u0119 dodatkowo z dn\u0105 moczanow\u0105. Jad\u0142ospis w formie elektronicznej (PDF). Sk\u0142ada si\u0119 z 28 posi\u0142k\u00f3w, rozpisanych na 7 dni. Sugerowany okres stosowania: 1 miesi\u0105c.\" \/>\n<meta property=\"og:url\" content=\"http:\/\/sklep.foodweb.pl\/index.php\/produkt\/jadlospis-w-insulinoopornosci-dnie-moczanowej\/\" \/>\n<meta property=\"og:site_name\" content=\"Dieta online do pobrania - Foodweb.pl | Dietetyk Kliniczny\" \/>\n<meta property=\"article:publisher\" content=\"https:\/\/www.facebook.com\/FOODWEBpl\/\" \/>\n<meta property=\"article:modified_time\" content=\"2024-07-02T11:21:38+00:00\" \/>\n<meta property=\"og:image\" content=\"http:\/\/sklep.foodweb.pl\/wp-content\/uploads\/2019\/09\/16.png\" \/>\n\t<meta property=\"og:image:width\" content=\"1000\" \/>\n\t<meta property=\"og:image:height\" content=\"1000\" \/>\n\t<meta property=\"og:image:type\" content=\"image\/png\" \/>\n<meta name=\"twitter:card\" content=\"summary_large_image\" \/>\n<meta name=\"twitter:label1\" content=\"Szacowany czas czytania\" \/>\n\t<meta name=\"twitter:data1\" content=\"1 minuta\" \/>\n<script type=\"application\/ld+json\" class=\"yoast-schema-graph\">{\"@context\":\"https:\/\/schema.org\",\"@graph\":[{\"@type\":\"WebPage\",\"@id\":\"http:\/\/sklep.foodweb.pl\/index.php\/produkt\/jadlospis-w-insulinoopornosci-dnie-moczanowej\/\",\"url\":\"http:\/\/sklep.foodweb.pl\/index.php\/produkt\/jadlospis-w-insulinoopornosci-dnie-moczanowej\/\",\"name\":\"Jad\u0142ospis w insulinooporno\u015bci + dnie moczanowej - Dieta online do pobrania - Foodweb.pl | Dietetyk Kliniczny\",\"isPartOf\":{\"@id\":\"https:\/\/sklep.foodweb.pl\/#website\"},\"primaryImageOfPage\":{\"@id\":\"http:\/\/sklep.foodweb.pl\/index.php\/produkt\/jadlospis-w-insulinoopornosci-dnie-moczanowej\/#primaryimage\"},\"image\":{\"@id\":\"http:\/\/sklep.foodweb.pl\/index.php\/produkt\/jadlospis-w-insulinoopornosci-dnie-moczanowej\/#primaryimage\"},\"thumbnailUrl\":\"http:\/\/sklep.foodweb.pl\/wp-content\/uploads\/2019\/09\/16.png\",\"datePublished\":\"2019-08-06T15:11:12+00:00\",\"dateModified\":\"2024-07-02T11:21:38+00:00\",\"breadcrumb\":{\"@id\":\"http:\/\/sklep.foodweb.pl\/index.php\/produkt\/jadlospis-w-insulinoopornosci-dnie-moczanowej\/#breadcrumb\"},\"inLanguage\":\"pl-PL\",\"potentialAction\":[{\"@type\":\"ReadAction\",\"target\":[\"http:\/\/sklep.foodweb.pl\/index.php\/produkt\/jadlospis-w-insulinoopornosci-dnie-moczanowej\/\"]}]},{\"@type\":\"ImageObject\",\"inLanguage\":\"pl-PL\",\"@id\":\"http:\/\/sklep.foodweb.pl\/index.php\/produkt\/jadlospis-w-insulinoopornosci-dnie-moczanowej\/#primaryimage\",\"url\":\"http:\/\/sklep.foodweb.pl\/wp-content\/uploads\/2019\/09\/16.png\",\"contentUrl\":\"http:\/\/sklep.foodweb.pl\/wp-content\/uploads\/2019\/09\/16.png\",\"width\":1000,\"height\":1000},{\"@type\":\"BreadcrumbList\",\"@id\":\"http:\/\/sklep.foodweb.pl\/index.php\/produkt\/jadlospis-w-insulinoopornosci-dnie-moczanowej\/#breadcrumb\",\"itemListElement\":[{\"@type\":\"ListItem\",\"position\":1,\"name\":\"Strona g\u0142\u00f3wna\",\"item\":\"http:\/\/sklep.foodweb.pl\/\"},{\"@type\":\"ListItem\",\"position\":2,\"name\":\"Sklep\",\"item\":\"http:\/\/sklep.foodweb.pl\/index.php\/sklep\/\"},{\"@type\":\"ListItem\",\"position\":3,\"name\":\"Jad\u0142ospis w insulinooporno\u015bci + dnie moczanowej\"}]},{\"@type\":\"WebSite\",\"@id\":\"https:\/\/sklep.foodweb.pl\/#website\",\"url\":\"https:\/\/sklep.foodweb.pl\/\",\"name\":\"Dieta online do pobrania - Foodweb.pl | Dietetyk Kliniczny\",\"description\":\"Dobre diety przez internet\",\"publisher\":{\"@id\":\"https:\/\/sklep.foodweb.pl\/#organization\"},\"potentialAction\":[{\"@type\":\"SearchAction\",\"target\":{\"@type\":\"EntryPoint\",\"urlTemplate\":\"https:\/\/sklep.foodweb.pl\/?s={search_term_string}\"},\"query-input\":{\"@type\":\"PropertyValueSpecification\",\"valueRequired\":true,\"valueName\":\"search_term_string\"}}],\"inLanguage\":\"pl-PL\"},{\"@type\":\"Organization\",\"@id\":\"https:\/\/sklep.foodweb.pl\/#organization\",\"name\":\"Foodweb.pl\",\"url\":\"https:\/\/sklep.foodweb.pl\/\",\"logo\":{\"@type\":\"ImageObject\",\"inLanguage\":\"pl-PL\",\"@id\":\"https:\/\/sklep.foodweb.pl\/#\/schema\/logo\/image\/\",\"url\":\"http:\/\/sklep.foodweb.pl\/wp-content\/uploads\/2019\/07\/cropped-logo-OK.png\",\"contentUrl\":\"http:\/\/sklep.foodweb.pl\/wp-content\/uploads\/2019\/07\/cropped-logo-OK.png\",\"width\":2000,\"height\":476,\"caption\":\"Foodweb.pl\"},\"image\":{\"@id\":\"https:\/\/sklep.foodweb.pl\/#\/schema\/logo\/image\/\"},\"sameAs\":[\"https:\/\/www.facebook.com\/FOODWEBpl\/\"]}]}<\/script>\n<!-- \/ Yoast SEO plugin. -->","yoast_head_json":{"title":"Jad\u0142ospis w insulinooporno\u015bci + dnie moczanowej - Dieta online do pobrania - Foodweb.pl | Dietetyk Kliniczny","robots":{"index":"index","follow":"follow","max-snippet":"max-snippet:-1","max-image-preview":"max-image-preview:large","max-video-preview":"max-video-preview:-1"},"canonical":"http:\/\/sklep.foodweb.pl\/index.php\/produkt\/jadlospis-w-insulinoopornosci-dnie-moczanowej\/","og_locale":"pl_PL","og_type":"article","og_title":"Jad\u0142ospis w insulinooporno\u015bci + dnie moczanowej - Dieta online do pobrania - Foodweb.pl | Dietetyk Kliniczny","og_description":"Modelowy jad\u0142ospis dla insulinoopornych os\u00f3b zmagaj\u0105cych si\u0119 dodatkowo z dn\u0105 moczanow\u0105. Jad\u0142ospis w formie elektronicznej (PDF). Sk\u0142ada si\u0119 z 28 posi\u0142k\u00f3w, rozpisanych na 7 dni. Sugerowany okres stosowania: 1 miesi\u0105c.","og_url":"http:\/\/sklep.foodweb.pl\/index.php\/produkt\/jadlospis-w-insulinoopornosci-dnie-moczanowej\/","og_site_name":"Dieta online do pobrania - Foodweb.pl | Dietetyk Kliniczny","article_publisher":"https:\/\/www.facebook.com\/FOODWEBpl\/","article_modified_time":"2024-07-02T11:21:38+00:00","og_image":[{"width":1000,"height":1000,"url":"http:\/\/sklep.foodweb.pl\/wp-content\/uploads\/2019\/09\/16.png","type":"image\/png"}],"twitter_card":"summary_large_image","twitter_misc":{"Szacowany czas czytania":"1 minuta"},"schema":{"@context":"https:\/\/schema.org","@graph":[{"@type":"WebPage","@id":"http:\/\/sklep.foodweb.pl\/index.php\/produkt\/jadlospis-w-insulinoopornosci-dnie-moczanowej\/","url":"http:\/\/sklep.foodweb.pl\/index.php\/produkt\/jadlospis-w-insulinoopornosci-dnie-moczanowej\/","name":"Jad\u0142ospis w insulinooporno\u015bci + dnie moczanowej - Dieta online do pobrania - Foodweb.pl | Dietetyk Kliniczny","isPartOf":{"@id":"https:\/\/sklep.foodweb.pl\/#website"},"primaryImageOfPage":{"@id":"http:\/\/sklep.foodweb.pl\/index.php\/produkt\/jadlospis-w-insulinoopornosci-dnie-moczanowej\/#primaryimage"},"image":{"@id":"http:\/\/sklep.foodweb.pl\/index.php\/produkt\/jadlospis-w-insulinoopornosci-dnie-moczanowej\/#primaryimage"},"thumbnailUrl":"http:\/\/sklep.foodweb.pl\/wp-content\/uploads\/2019\/09\/16.png","datePublished":"2019-08-06T15:11:12+00:00","dateModified":"2024-07-02T11:21:38+00:00","breadcrumb":{"@id":"http:\/\/sklep.foodweb.pl\/index.php\/produkt\/jadlospis-w-insulinoopornosci-dnie-moczanowej\/#breadcrumb"},"inLanguage":"pl-PL","potentialAction":[{"@type":"ReadAction","target":["http:\/\/sklep.foodweb.pl\/index.php\/produkt\/jadlospis-w-insulinoopornosci-dnie-moczanowej\/"]}]},{"@type":"ImageObject","inLanguage":"pl-PL","@id":"http:\/\/sklep.foodweb.pl\/index.php\/produkt\/jadlospis-w-insulinoopornosci-dnie-moczanowej\/#primaryimage","url":"http:\/\/sklep.foodweb.pl\/wp-content\/uploads\/2019\/09\/16.png","contentUrl":"http:\/\/sklep.foodweb.pl\/wp-content\/uploads\/2019\/09\/16.png","width":1000,"height":1000},{"@type":"BreadcrumbList","@id":"http:\/\/sklep.foodweb.pl\/index.php\/produkt\/jadlospis-w-insulinoopornosci-dnie-moczanowej\/#breadcrumb","itemListElement":[{"@type":"ListItem","position":1,"name":"Strona g\u0142\u00f3wna","item":"http:\/\/sklep.foodweb.pl\/"},{"@type":"ListItem","position":2,"name":"Sklep","item":"http:\/\/sklep.foodweb.pl\/index.php\/sklep\/"},{"@type":"ListItem","position":3,"name":"Jad\u0142ospis w insulinooporno\u015bci + dnie moczanowej"}]},{"@type":"WebSite","@id":"https:\/\/sklep.foodweb.pl\/#website","url":"https:\/\/sklep.foodweb.pl\/","name":"Dieta online do pobrania - Foodweb.pl | Dietetyk Kliniczny","description":"Dobre diety przez internet","publisher":{"@id":"https:\/\/sklep.foodweb.pl\/#organization"},"potentialAction":[{"@type":"SearchAction","target":{"@type":"EntryPoint","urlTemplate":"https:\/\/sklep.foodweb.pl\/?s={search_term_string}"},"query-input":{"@type":"PropertyValueSpecification","valueRequired":true,"valueName":"search_term_string"}}],"inLanguage":"pl-PL"},{"@type":"Organization","@id":"https:\/\/sklep.foodweb.pl\/#organization","name":"Foodweb.pl","url":"https:\/\/sklep.foodweb.pl\/","logo":{"@type":"ImageObject","inLanguage":"pl-PL","@id":"https:\/\/sklep.foodweb.pl\/#\/schema\/logo\/image\/","url":"http:\/\/sklep.foodweb.pl\/wp-content\/uploads\/2019\/07\/cropped-logo-OK.png","contentUrl":"http:\/\/sklep.foodweb.pl\/wp-content\/uploads\/2019\/07\/cropped-logo-OK.png","width":2000,"height":476,"caption":"Foodweb.pl"},"image":{"@id":"https:\/\/sklep.foodweb.pl\/#\/schema\/logo\/image\/"},"sameAs":["https:\/\/www.facebook.com\/FOODWEBpl\/"]}]}},"_links":{"self":[{"href":"http:\/\/sklep.foodweb.pl\/index.php\/wp-json\/wp\/v2\/product\/2736","targetHints":{"allow":["GET"]}}],"collection":[{"href":"http:\/\/sklep.foodweb.pl\/index.php\/wp-json\/wp\/v2\/product"}],"about":[{"href":"http:\/\/sklep.foodweb.pl\/index.php\/wp-json\/wp\/v2\/types\/product"}],"wp:featuredmedia":[{"embeddable":true,"href":"http:\/\/sklep.foodweb.pl\/index.php\/wp-json\/wp\/v2\/media\/3041"}],"wp:attachment":[{"href":"http:\/\/sklep.foodweb.pl\/index.php\/wp-json\/wp\/v2\/media?parent=2736"}],"wp:term":[{"taxonomy":"product_cat","embeddable":true,"href":"http:\/\/sklep.foodweb.pl\/index.php\/wp-json\/wp\/v2\/product_cat?post=2736"},{"taxonomy":"product_tag","embeddable":true,"href":"http:\/\/sklep.foodweb.pl\/index.php\/wp-json\/wp\/v2\/product_tag?post=2736"}],"curies":[{"name":"wp","href":"https:\/\/api.w.org\/{rel}","templated":true}]}}